{"id":670,"date":"2018-05-10T17:33:39","date_gmt":"2018-05-10T15:33:39","guid":{"rendered":"https:\/\/paveluxe.com\/landscaping-products\/walls\/"},"modified":"2023-05-11T15:06:21","modified_gmt":"2023-05-11T19:06:21","slug":"muret","status":"publish","type":"page","link":"https:\/\/paveluxe.com\/fr\/produits-amenagement\/muret\/","title":{"rendered":"Murets"},"content":{"rendered":"<p>[vc_row][vc_column][vc_empty_space]<div class=\"section-heading \">\r\n\t\t\t\t\t<h2>Murets<\/h2>\t<h3>Ajoutez beaut\u00e9 et valeur \u00e0 votre demeure gr\u00e2ce \u00e0 notre magnifique collection de murets!<\/h3>\r\n\t\t\t\t<\/div><div class=\"text-content\"><p>Laissez notre gamme vari\u00e9e de murets vous inspirer \u00e0 atteindre les sommets de la perfection. Nos couleurs et nos styles sont con\u00e7us pour s&#8217;int\u00e9grer harmonieusement \u00e0 toute la gamme Techo-Bloc.<\/p>\n<\/div>[vc_row_inner][vc_column_inner][vc_btn title=&#8221;VOIR LES MURETS &gt;&#8221; style=&#8221;classic&#8221; shape=&#8221;square&#8221; color=&#8221;black&#8221; align=&#8221;left&#8221; css_animation=&#8221;fadeIn&#8221; link=&#8221;url:https%3A%2F%2Fwww.techo-bloc.com%2Ffr%2Fproduct-category%2Fwalls-pillars%2F||target:%20_blank|&#8221;][\/vc_column_inner][\/vc_row_inner][\/vc_column][\/vc_row][vc_row equal_height=&#8221;yes&#8221;][vc_column width=&#8221;1\/2&#8243;][vc_single_image image=&#8221;1021&#8243; img_size=&#8221;full&#8221;][\/vc_column][vc_column width=&#8221;1\/2&#8243;][vc_single_image image=&#8221;958&#8243; img_size=&#8221;full&#8221;][\/vc_column][\/vc_row][vc_row][vc_column][\/vc_column][\/vc_row]<\/p>\n","protected":false},"excerpt":{"rendered":"<p>[vc_row][vc_column][vc_empty_space][vc_row_inner][vc_column_inner][vc_btn title=&#8221;VOIR LES MURETS &gt;&#8221; style=&#8221;classic&#8221; shape=&#8221;square&#8221; color=&#8221;black&#8221; align=&#8221;left&#8221; css_animation=&#8221;fadeIn&#8221; link=&#8221;url:https%3A%2F%2Fwww.techo-bloc.com%2Ffr%2Fproduct-category%2Fwalls-pillars%2F||target:%20_blank|&#8221;][\/vc_column_inner][\/vc_row_inner][\/vc_column][\/vc_row][vc_row equal_height=&#8221;yes&#8221;][vc_column width=&#8221;1\/2&#8243;][vc_single_image image=&#8221;1021&#8243; img_size=&#8221;full&#8221;][\/vc_column][vc_column width=&#8221;1\/2&#8243;][vc_single_image image=&#8221;958&#8243; img_size=&#8221;full&#8221;][\/vc_column][\/vc_row][vc_row][vc_column][\/vc_column][\/vc_row]<\/p>\n","protected":false},"author":2,"featured_media":671,"parent":624,"menu_order":0,"comment_status":"closed","ping_status":"closed","template":"","meta":{"footnotes":""},"class_list":["post-670","page","type-page","status-publish","has-post-thumbnail","hentry"],"_links":{"self":[{"href":"https:\/\/paveluxe.com\/fr\/wp-json\/wp\/v2\/pages\/670","targetHints":{"allow":["GET"]}}],"collection":[{"href":"https:\/\/paveluxe.com\/fr\/wp-json\/wp\/v2\/pages"}],"about":[{"href":"https:\/\/paveluxe.com\/fr\/wp-json\/wp\/v2\/types\/page"}],"author":[{"embeddable":true,"href":"https:\/\/paveluxe.com\/fr\/wp-json\/wp\/v2\/users\/2"}],"replies":[{"embeddable":true,"href":"https:\/\/paveluxe.com\/fr\/wp-json\/wp\/v2\/comments?post=670"}],"version-history":[{"count":8,"href":"https:\/\/paveluxe.com\/fr\/wp-json\/wp\/v2\/pages\/670\/revisions"}],"predecessor-version":[{"id":1775,"href":"https:\/\/paveluxe.com\/fr\/wp-json\/wp\/v2\/pages\/670\/revisions\/1775"}],"up":[{"embeddable":true,"href":"https:\/\/paveluxe.com\/fr\/wp-json\/wp\/v2\/pages\/624"}],"wp:featuredmedia":[{"embeddable":true,"href":"https:\/\/paveluxe.com\/fr\/wp-json\/wp\/v2\/media\/671"}],"wp:attachment":[{"href":"https:\/\/paveluxe.com\/fr\/wp-json\/wp\/v2\/media?parent=670"}],"curies":[{"name":"wp","href":"https:\/\/api.w.org\/{rel}","templated":true}]}}