{"id":665,"date":"2018-05-10T17:34:11","date_gmt":"2018-05-10T15:34:11","guid":{"rendered":"https:\/\/paveluxe.com\/landscaping-products\/steps-and-caps\/"},"modified":"2023-05-11T15:08:50","modified_gmt":"2023-05-11T19:08:50","slug":"marches-couronnements","status":"publish","type":"page","link":"https:\/\/paveluxe.com\/fr\/produits-amenagement\/marches-couronnements\/","title":{"rendered":"Marches et couronnements"},"content":{"rendered":"<p>[vc_row][vc_column][vc_empty_space][\/vc_column][\/vc_row][vc_row][vc_column]<div class=\"section-heading \">\r\n\t\t\t\t\t<h2>Marches et courronements<\/h2>\t<h3>Couronnez votre am\u00e9nagement paysager tout en splendeur!<\/h3>\r\n\t\t\t\t<\/div><div class=\"text-content\"><p>Rehaussez votre am\u00e9nagement paysager est simple lorsqu\u2019on choisit la bonne d\u00e9marche.\u00a0Et pour les v\u00e9ritables m\u00e9tamorphoses,\u00a0nos syst\u00e8mes de rev\u00eatements sans entretien\u00a0constituent une superbe fa\u00e7on de donner une nouvelle vie au b\u00e9ton coul\u00e9 us\u00e9 par le temps.<\/p>\n<p>\n<\/div>[vc_row_inner][vc_column_inner][vc_btn title=&#8221;VOIR LES MARCHES ET COURONNEMENTS &gt;&#8221; style=&#8221;classic&#8221; shape=&#8221;square&#8221; color=&#8221;black&#8221; align=&#8221;left&#8221; css_animation=&#8221;fadeIn&#8221; link=&#8221;url:https%3A%2F%2Fwww.techo-bloc.com%2Ffr%2Fproduct-category%2Fcaps-steps-overlay-systems%2F||target:%20_blank|&#8221;][\/vc_column_inner][\/vc_row_inner][\/vc_column][\/vc_row][vc_row][vc_column width=&#8221;1\/2&#8243;][vc_single_image image=&#8221;494&#8243; img_size=&#8221;full&#8221;][\/vc_column][vc_column width=&#8221;1\/2&#8243;][vc_single_image image=&#8221;491&#8243; img_size=&#8221;full&#8221;][\/vc_column][\/vc_row][vc_row][vc_column][\/vc_column][\/vc_row]<\/p>\n","protected":false},"excerpt":{"rendered":"<p>[vc_row][vc_column][vc_empty_space][\/vc_column][\/vc_row][vc_row][vc_column][vc_row_inner][vc_column_inner][vc_btn title=&#8221;VOIR LES MARCHES ET COURONNEMENTS &gt;&#8221; style=&#8221;classic&#8221; shape=&#8221;square&#8221; color=&#8221;black&#8221; align=&#8221;left&#8221; css_animation=&#8221;fadeIn&#8221; link=&#8221;url:https%3A%2F%2Fwww.techo-bloc.com%2Ffr%2Fproduct-category%2Fcaps-steps-overlay-systems%2F||target:%20_blank|&#8221;][\/vc_column_inner][\/vc_row_inner][\/vc_column][\/vc_row][vc_row][vc_column width=&#8221;1\/2&#8243;][vc_single_image image=&#8221;494&#8243; img_size=&#8221;full&#8221;][\/vc_column][vc_column width=&#8221;1\/2&#8243;][vc_single_image image=&#8221;491&#8243; img_size=&#8221;full&#8221;][\/vc_column][\/vc_row][vc_row][vc_column][\/vc_column][\/vc_row]<\/p>\n","protected":false},"author":2,"featured_media":666,"parent":624,"menu_order":0,"comment_status":"closed","ping_status":"closed","template":"","meta":{"footnotes":""},"class_list":["post-665","page","type-page","status-publish","has-post-thumbnail","hentry"],"_links":{"self":[{"href":"https:\/\/paveluxe.com\/fr\/wp-json\/wp\/v2\/pages\/665","targetHints":{"allow":["GET"]}}],"collection":[{"href":"https:\/\/paveluxe.com\/fr\/wp-json\/wp\/v2\/pages"}],"about":[{"href":"https:\/\/paveluxe.com\/fr\/wp-json\/wp\/v2\/types\/page"}],"author":[{"embeddable":true,"href":"https:\/\/paveluxe.com\/fr\/wp-json\/wp\/v2\/users\/2"}],"replies":[{"embeddable":true,"href":"https:\/\/paveluxe.com\/fr\/wp-json\/wp\/v2\/comments?post=665"}],"version-history":[{"count":6,"href":"https:\/\/paveluxe.com\/fr\/wp-json\/wp\/v2\/pages\/665\/revisions"}],"predecessor-version":[{"id":1776,"href":"https:\/\/paveluxe.com\/fr\/wp-json\/wp\/v2\/pages\/665\/revisions\/1776"}],"up":[{"embeddable":true,"href":"https:\/\/paveluxe.com\/fr\/wp-json\/wp\/v2\/pages\/624"}],"wp:featuredmedia":[{"embeddable":true,"href":"https:\/\/paveluxe.com\/fr\/wp-json\/wp\/v2\/media\/666"}],"wp:attachment":[{"href":"https:\/\/paveluxe.com\/fr\/wp-json\/wp\/v2\/media?parent=665"}],"curies":[{"name":"wp","href":"https:\/\/api.w.org\/{rel}","templated":true}]}}