{"id":656,"date":"2018-05-10T17:33:30","date_gmt":"2018-05-10T15:33:30","guid":{"rendered":"https:\/\/paveluxe.com\/landscaping-products\/slabs\/"},"modified":"2023-05-11T15:02:28","modified_gmt":"2023-05-11T19:02:28","slug":"dalles","status":"publish","type":"page","link":"https:\/\/paveluxe.com\/fr\/produits-amenagement\/dalles\/","title":{"rendered":"Dalles de patio"},"content":{"rendered":"<p>[vc_row css=&#8221;.vc_custom_1526412302210{padding-top: 0px !important;}&#8221;][vc_column][vc_empty_space]<div class=\"section-heading \">\r\n\t\t\t\t\t<h2>Dalles de patio<\/h2>\t<h3>Recr\u00e9ez votre espace de vie ext\u00e9rieur!<\/h3>\r\n\t\t\t\t<\/div><div class=\"text-content\"><p>Faites sensation sans m\u00eame quitter la maison avec le style colossal de nos fabuleuses dalles. Ces beaut\u00e9s durables s\u00e9duisent le regard par leurs textures splendides, et leur qualit\u00e9 sup\u00e9rieure vous assure qu\u2019elles seront l\u00e0 pour de nombreuses ann\u00e9es \u00e0 venir.<\/p>\n<\/div>[vc_row_inner][vc_column_inner][vc_btn title=&#8221;VOIR LES DALLES &gt;&#8221; style=&#8221;classic&#8221; shape=&#8221;square&#8221; color=&#8221;black&#8221; css_animation=&#8221;fadeIn&#8221; link=&#8221;url:https%3A%2F%2Fwww.techo-bloc.com%2Ffr%2Fproduct-category%2Fslabs%2F||target:%20_blank|&#8221;][\/vc_column_inner][\/vc_row_inner][\/vc_column][\/vc_row][vc_row][vc_column width=&#8221;1\/2&#8243;][vc_single_image image=&#8221;949&#8243; img_size=&#8221;full&#8221;][\/vc_column][vc_column width=&#8221;1\/2&#8243;][vc_single_image image=&#8221;952&#8243; img_size=&#8221;full&#8221;][\/vc_column][\/vc_row][vc_row][vc_column][\/vc_column][\/vc_row]<\/p>\n","protected":false},"excerpt":{"rendered":"<p>[vc_row css=&#8221;.vc_custom_1526412302210{padding-top: 0px !important;}&#8221;][vc_column][vc_empty_space][vc_row_inner][vc_column_inner][vc_btn title=&#8221;VOIR LES DALLES &gt;&#8221; style=&#8221;classic&#8221; shape=&#8221;square&#8221; color=&#8221;black&#8221; css_animation=&#8221;fadeIn&#8221; link=&#8221;url:https%3A%2F%2Fwww.techo-bloc.com%2Ffr%2Fproduct-category%2Fslabs%2F||target:%20_blank|&#8221;][\/vc_column_inner][\/vc_row_inner][\/vc_column][\/vc_row][vc_row][vc_column width=&#8221;1\/2&#8243;][vc_single_image image=&#8221;949&#8243; img_size=&#8221;full&#8221;][\/vc_column][vc_column width=&#8221;1\/2&#8243;][vc_single_image image=&#8221;952&#8243; img_size=&#8221;full&#8221;][\/vc_column][\/vc_row][vc_row][vc_column][\/vc_column][\/vc_row]<\/p>\n","protected":false},"author":2,"featured_media":657,"parent":624,"menu_order":0,"comment_status":"closed","ping_status":"closed","template":"","meta":{"footnotes":""},"class_list":["post-656","page","type-page","status-publish","has-post-thumbnail","hentry"],"_links":{"self":[{"href":"https:\/\/paveluxe.com\/fr\/wp-json\/wp\/v2\/pages\/656","targetHints":{"allow":["GET"]}}],"collection":[{"href":"https:\/\/paveluxe.com\/fr\/wp-json\/wp\/v2\/pages"}],"about":[{"href":"https:\/\/paveluxe.com\/fr\/wp-json\/wp\/v2\/types\/page"}],"author":[{"embeddable":true,"href":"https:\/\/paveluxe.com\/fr\/wp-json\/wp\/v2\/users\/2"}],"replies":[{"embeddable":true,"href":"https:\/\/paveluxe.com\/fr\/wp-json\/wp\/v2\/comments?post=656"}],"version-history":[{"count":6,"href":"https:\/\/paveluxe.com\/fr\/wp-json\/wp\/v2\/pages\/656\/revisions"}],"predecessor-version":[{"id":1774,"href":"https:\/\/paveluxe.com\/fr\/wp-json\/wp\/v2\/pages\/656\/revisions\/1774"}],"up":[{"embeddable":true,"href":"https:\/\/paveluxe.com\/fr\/wp-json\/wp\/v2\/pages\/624"}],"wp:featuredmedia":[{"embeddable":true,"href":"https:\/\/paveluxe.com\/fr\/wp-json\/wp\/v2\/media\/657"}],"wp:attachment":[{"href":"https:\/\/paveluxe.com\/fr\/wp-json\/wp\/v2\/media?parent=656"}],"curies":[{"name":"wp","href":"https:\/\/api.w.org\/{rel}","templated":true}]}}