{"id":651,"date":"2018-05-10T17:34:23","date_gmt":"2018-05-10T15:34:23","guid":{"rendered":"https:\/\/paveluxe.com\/landscaping-products\/fire-pits\/"},"modified":"2023-05-12T11:49:24","modified_gmt":"2023-05-12T15:49:24","slug":"foyers","status":"publish","type":"page","link":"https:\/\/paveluxe.com\/fr\/produits-amenagement\/foyers\/","title":{"rendered":"Foyers et cuisines ext\u00e9rieurs"},"content":{"rendered":"<p>[vc_row][vc_column][vc_empty_space][\/vc_column][\/vc_row][vc_row][vc_column]<div class=\"section-heading \">\r\n\t\t\t\t\t<h2>Am\u00e9nagement ext\u00e9rieur<\/h2>\t<h3>Allumez l'\u00e9tincelle qui donnera vie \u00e0 votre patio!<\/h3>\r\n\t\t\t\t<\/div><div class=\"text-content\"><p>Vous d\u00e9sirez cr\u00e9er un patio unique en son genre? Foyers ext\u00e9rieurs, fours \u00e0 pizza et \u00eelots BBQ seront les vedettes de vos partys ext\u00e9rieurs et feront de vous l\u2019h\u00f4te parfait. Faites votre choix parmi notre s\u00e9lection de finis innovateurs et classiques, dans des couleurs con\u00e7ues pour s\u2019agencer \u00e0 nos autres produits.<\/p>\n<\/div>[vc_row_inner][vc_column_inner][vc_btn title=&#8221;VOIR FOYERS ET CUISINES EXT\u00c9RIEURS &gt;&#8221; style=&#8221;classic&#8221; shape=&#8221;square&#8221; color=&#8221;black&#8221; align=&#8221;left&#8221; css_animation=&#8221;fadeIn&#8221; link=&#8221;url:https%3A%2F%2Fwww.techo-bloc.com%2Ffr%2Fshop%2Ffire-pits||target:%20_blank|&#8221;][\/vc_column_inner][\/vc_row_inner][\/vc_column][\/vc_row][vc_row][vc_column width=&#8221;1\/2&#8243;][vc_single_image image=&#8221;970&#8243; img_size=&#8221;full&#8221;][\/vc_column][vc_column width=&#8221;1\/2&#8243;][vc_single_image image=&#8221;973&#8243; img_size=&#8221;full&#8221;][\/vc_column][\/vc_row][vc_row][vc_column][\/vc_column][\/vc_row]<\/p>\n","protected":false},"excerpt":{"rendered":"<p>[vc_row][vc_column][vc_empty_space][\/vc_column][\/vc_row][vc_row][vc_column][vc_row_inner][vc_column_inner][vc_btn title=&#8221;VOIR FOYERS ET CUISINES EXT\u00c9RIEURS &gt;&#8221; style=&#8221;classic&#8221; shape=&#8221;square&#8221; color=&#8221;black&#8221; align=&#8221;left&#8221; css_animation=&#8221;fadeIn&#8221; link=&#8221;url:https%3A%2F%2Fwww.techo-bloc.com%2Ffr%2Fshop%2Ffire-pits||target:%20_blank|&#8221;][\/vc_column_inner][\/vc_row_inner][\/vc_column][\/vc_row][vc_row][vc_column width=&#8221;1\/2&#8243;][vc_single_image image=&#8221;970&#8243; img_size=&#8221;full&#8221;][\/vc_column][vc_column width=&#8221;1\/2&#8243;][vc_single_image image=&#8221;973&#8243; img_size=&#8221;full&#8221;][\/vc_column][\/vc_row][vc_row][vc_column][\/vc_column][\/vc_row]<\/p>\n","protected":false},"author":2,"featured_media":652,"parent":624,"menu_order":0,"comment_status":"closed","ping_status":"closed","template":"","meta":{"footnotes":""},"class_list":["post-651","page","type-page","status-publish","has-post-thumbnail","hentry"],"_links":{"self":[{"href":"https:\/\/paveluxe.com\/fr\/wp-json\/wp\/v2\/pages\/651","targetHints":{"allow":["GET"]}}],"collection":[{"href":"https:\/\/paveluxe.com\/fr\/wp-json\/wp\/v2\/pages"}],"about":[{"href":"https:\/\/paveluxe.com\/fr\/wp-json\/wp\/v2\/types\/page"}],"author":[{"embeddable":true,"href":"https:\/\/paveluxe.com\/fr\/wp-json\/wp\/v2\/users\/2"}],"replies":[{"embeddable":true,"href":"https:\/\/paveluxe.com\/fr\/wp-json\/wp\/v2\/comments?post=651"}],"version-history":[{"count":9,"href":"https:\/\/paveluxe.com\/fr\/wp-json\/wp\/v2\/pages\/651\/revisions"}],"predecessor-version":[{"id":1779,"href":"https:\/\/paveluxe.com\/fr\/wp-json\/wp\/v2\/pages\/651\/revisions\/1779"}],"up":[{"embeddable":true,"href":"https:\/\/paveluxe.com\/fr\/wp-json\/wp\/v2\/pages\/624"}],"wp:featuredmedia":[{"embeddable":true,"href":"https:\/\/paveluxe.com\/fr\/wp-json\/wp\/v2\/media\/652"}],"wp:attachment":[{"href":"https:\/\/paveluxe.com\/fr\/wp-json\/wp\/v2\/media?parent=651"}],"curies":[{"name":"wp","href":"https:\/\/api.w.org\/{rel}","templated":true}]}}