{"id":646,"date":"2018-05-10T17:20:15","date_gmt":"2018-05-10T15:20:15","guid":{"rendered":"https:\/\/paveluxe.com\/landscaping-products\/paving\/"},"modified":"2023-05-11T15:10:35","modified_gmt":"2023-05-11T19:10:35","slug":"paves","status":"publish","type":"page","link":"https:\/\/paveluxe.com\/fr\/produits-amenagement\/paves\/","title":{"rendered":"Pav\u00e9s"},"content":{"rendered":"<p>[vc_row][vc_column][vc_empty_space]<div class=\"section-heading \">\r\n\t\t\t\t\t<h2>Pav\u00e9s<\/h2>\t<h3>Des possibilit\u00e9s infinies gr\u00e2ce \u00e0 notre vaste s\u00e9lection de pav\u00e9s! <\/h3>\r\n\t\t\t\t<\/div><div class=\"text-content\"><p>Tous les pav\u00e9s Techo-Bloc sont con\u00e7us pour r\u00e9sister \u00e0 la circulation des v\u00e9hicules, sont r\u00e9sistants au sel d\u00e9gla\u00e7ant, garantis \u00e0 vie transferable et sont compos\u00e9s de pigmentations uniform\u00e9ment r\u00e9parties afin d\u2019offrir \u00e0 la pierre une usure naturelle. Ces produits d\u2019am\u00e9nagement paysager en b\u00e9ton sont fabriqu\u00e9s dans une vari\u00e9t\u00e9 de formes, de finissions et de couleurs pour s&#8217;harmoniser avec n&#8217;importe quel style architectural.<\/p>\n<\/div>[vc_row_inner][vc_column_inner][vc_btn title=&#8221;VOIR LES PAV\u00c9S &gt;&#8221; style=&#8221;classic&#8221; shape=&#8221;square&#8221; color=&#8221;black&#8221; align=&#8221;left&#8221; link=&#8221;url:https%3A%2F%2Fwww.techo-bloc.com%2Ffr%2Fproduct-category%2Fpavers%2F||target:%20_blank|&#8221; el_class=&#8221;open-new-window&#8221;][\/vc_column_inner][\/vc_row_inner][\/vc_column][\/vc_row][vc_row equal_height=&#8221;yes&#8221;][vc_column width=&#8221;1\/2&#8243;][vc_single_image image=&#8221;939&#8243; img_size=&#8221;full&#8221;][\/vc_column][vc_column width=&#8221;1\/2&#8243;][vc_single_image image=&#8221;937&#8243; img_size=&#8221;full&#8221;][\/vc_column][\/vc_row][vc_row][vc_column][\/vc_column][\/vc_row]<\/p>\n","protected":false},"excerpt":{"rendered":"<p>[vc_row][vc_column][vc_empty_space][vc_row_inner][vc_column_inner][vc_btn title=&#8221;VOIR LES PAV\u00c9S &gt;&#8221; style=&#8221;classic&#8221; shape=&#8221;square&#8221; color=&#8221;black&#8221; align=&#8221;left&#8221; link=&#8221;url:https%3A%2F%2Fwww.techo-bloc.com%2Ffr%2Fproduct-category%2Fpavers%2F||target:%20_blank|&#8221; el_class=&#8221;open-new-window&#8221;][\/vc_column_inner][\/vc_row_inner][\/vc_column][\/vc_row][vc_row equal_height=&#8221;yes&#8221;][vc_column width=&#8221;1\/2&#8243;][vc_single_image image=&#8221;939&#8243; img_size=&#8221;full&#8221;][\/vc_column][vc_column width=&#8221;1\/2&#8243;][vc_single_image image=&#8221;937&#8243; img_size=&#8221;full&#8221;][\/vc_column][\/vc_row][vc_row][vc_column][\/vc_column][\/vc_row]<\/p>\n","protected":false},"author":2,"featured_media":648,"parent":624,"menu_order":0,"comment_status":"closed","ping_status":"closed","template":"","meta":{"footnotes":""},"class_list":["post-646","page","type-page","status-publish","has-post-thumbnail","hentry"],"_links":{"self":[{"href":"https:\/\/paveluxe.com\/fr\/wp-json\/wp\/v2\/pages\/646","targetHints":{"allow":["GET"]}}],"collection":[{"href":"https:\/\/paveluxe.com\/fr\/wp-json\/wp\/v2\/pages"}],"about":[{"href":"https:\/\/paveluxe.com\/fr\/wp-json\/wp\/v2\/types\/page"}],"author":[{"embeddable":true,"href":"https:\/\/paveluxe.com\/fr\/wp-json\/wp\/v2\/users\/2"}],"replies":[{"embeddable":true,"href":"https:\/\/paveluxe.com\/fr\/wp-json\/wp\/v2\/comments?post=646"}],"version-history":[{"count":9,"href":"https:\/\/paveluxe.com\/fr\/wp-json\/wp\/v2\/pages\/646\/revisions"}],"predecessor-version":[{"id":1777,"href":"https:\/\/paveluxe.com\/fr\/wp-json\/wp\/v2\/pages\/646\/revisions\/1777"}],"up":[{"embeddable":true,"href":"https:\/\/paveluxe.com\/fr\/wp-json\/wp\/v2\/pages\/624"}],"wp:featuredmedia":[{"embeddable":true,"href":"https:\/\/paveluxe.com\/fr\/wp-json\/wp\/v2\/media\/648"}],"wp:attachment":[{"href":"https:\/\/paveluxe.com\/fr\/wp-json\/wp\/v2\/media?parent=646"}],"curies":[{"name":"wp","href":"https:\/\/api.w.org\/{rel}","templated":true}]}}