{"id":630,"date":"2018-05-10T17:33:51","date_gmt":"2018-05-10T15:33:51","guid":{"rendered":"https:\/\/paveluxe.com\/landscaping-products\/edges\/"},"modified":"2023-05-11T14:59:07","modified_gmt":"2023-05-11T18:59:07","slug":"bordures","status":"publish","type":"page","link":"https:\/\/paveluxe.com\/fr\/produits-amenagement\/bordures\/","title":{"rendered":"Bordures"},"content":{"rendered":"<p>[vc_row][vc_column][vc_empty_space]<div class=\"section-heading \">\r\n\t\t\t\t\t<h2>Bordures<\/h2>\t<h3>Pour une finition tout en beaut\u00e9 bien align\u00e9e!<\/h3>\r\n\t\t\t\t<\/div><div class=\"text-content\"><p>Les bordures rajoutent de l\u2019\u00e9l\u00e9gance \u00e0 vos jardins et am\u00e9nagements paysagers en rassemblant l\u2019herbe, le paillis et autres merveilles naturelles, plut\u00f4t que de les laisser s\u2019\u00e9garer. Que vous recherchiez un look discret ou une allure flamboyante, nous avons cr\u00e9\u00e9 une s\u00e9lection de bordures de pierre qui pr\u00eateront un c\u00f4t\u00e9 raffin\u00e9 \u00e0 votre ext\u00e9rieur. Encadrez la beaut\u00e9 de la nature pour mieux la mettre en valeur, avec des solutions durables qui passeront l\u2019\u00e9preuve du temps avec gr\u00e2ce.<\/p>\n<\/div>[vc_row_inner][vc_column_inner][vc_btn title=&#8221;VOIR LES BORDURES &gt;&#8221; style=&#8221;classic&#8221; shape=&#8221;square&#8221; color=&#8221;black&#8221; css_animation=&#8221;fadeIn&#8221; link=&#8221;url:https%3A%2F%2Fwww.techo-bloc.com%2Ffr%2Fproduct-category%2Fedges%2F||target:%20_blank|&#8221;][\/vc_column_inner][\/vc_row_inner][\/vc_column][\/vc_row][vc_row][vc_column width=&#8221;1\/2&#8243;][vc_single_image image=&#8221;943&#8243; img_size=&#8221;full&#8221;][\/vc_column][vc_column width=&#8221;1\/2&#8243;][vc_single_image image=&#8221;764&#8243; img_size=&#8221;full&#8221;][\/vc_column][\/vc_row][vc_row][vc_column][\/vc_column][\/vc_row]<\/p>\n","protected":false},"excerpt":{"rendered":"<p>[vc_row][vc_column][vc_empty_space][vc_row_inner][vc_column_inner][vc_btn title=&#8221;VOIR LES BORDURES &gt;&#8221; style=&#8221;classic&#8221; shape=&#8221;square&#8221; color=&#8221;black&#8221; css_animation=&#8221;fadeIn&#8221; link=&#8221;url:https%3A%2F%2Fwww.techo-bloc.com%2Ffr%2Fproduct-category%2Fedges%2F||target:%20_blank|&#8221;][\/vc_column_inner][\/vc_row_inner][\/vc_column][\/vc_row][vc_row][vc_column width=&#8221;1\/2&#8243;][vc_single_image image=&#8221;943&#8243; img_size=&#8221;full&#8221;][\/vc_column][vc_column width=&#8221;1\/2&#8243;][vc_single_image image=&#8221;764&#8243; img_size=&#8221;full&#8221;][\/vc_column][\/vc_row][vc_row][vc_column][\/vc_column][\/vc_row]<\/p>\n","protected":false},"author":2,"featured_media":631,"parent":624,"menu_order":0,"comment_status":"closed","ping_status":"closed","template":"","meta":{"footnotes":""},"class_list":["post-630","page","type-page","status-publish","has-post-thumbnail","hentry"],"_links":{"self":[{"href":"https:\/\/paveluxe.com\/fr\/wp-json\/wp\/v2\/pages\/630","targetHints":{"allow":["GET"]}}],"collection":[{"href":"https:\/\/paveluxe.com\/fr\/wp-json\/wp\/v2\/pages"}],"about":[{"href":"https:\/\/paveluxe.com\/fr\/wp-json\/wp\/v2\/types\/page"}],"author":[{"embeddable":true,"href":"https:\/\/paveluxe.com\/fr\/wp-json\/wp\/v2\/users\/2"}],"replies":[{"embeddable":true,"href":"https:\/\/paveluxe.com\/fr\/wp-json\/wp\/v2\/comments?post=630"}],"version-history":[{"count":10,"href":"https:\/\/paveluxe.com\/fr\/wp-json\/wp\/v2\/pages\/630\/revisions"}],"predecessor-version":[{"id":1773,"href":"https:\/\/paveluxe.com\/fr\/wp-json\/wp\/v2\/pages\/630\/revisions\/1773"}],"up":[{"embeddable":true,"href":"https:\/\/paveluxe.com\/fr\/wp-json\/wp\/v2\/pages\/624"}],"wp:featuredmedia":[{"embeddable":true,"href":"https:\/\/paveluxe.com\/fr\/wp-json\/wp\/v2\/media\/631"}],"wp:attachment":[{"href":"https:\/\/paveluxe.com\/fr\/wp-json\/wp\/v2\/media?parent=630"}],"curies":[{"name":"wp","href":"https:\/\/api.w.org\/{rel}","templated":true}]}}