{"id":624,"date":"2018-01-04T07:04:21","date_gmt":"2018-01-04T07:04:21","guid":{"rendered":"https:\/\/paveluxe.com\/landscaping-products\/"},"modified":"2023-05-11T15:05:40","modified_gmt":"2023-05-11T19:05:40","slug":"produits-amenagement","status":"publish","type":"page","link":"https:\/\/paveluxe.com\/fr\/produits-amenagement\/","title":{"rendered":"Produits d&#8217;am\u00e9nagement"},"content":{"rendered":"<p>[vc_row gap=&#8221;25&#8243; equal_height=&#8221;yes&#8221; content_placement=&#8221;middle&#8221; css=&#8221;.vc_custom_1526398343596{padding-top: 90px !important;}&#8221;][vc_column width=&#8221;1\/3&#8243; css=&#8221;.vc_custom_1526408257682{background-image: url(https:\/\/paveluxe.com\/wp-content\/uploads\/2018\/05\/im_paving.png?id=468) !important;background-position: center !important;background-repeat: no-repeat !important;background-size: cover !important;}&#8221; el_class=&#8221;bg-black-over&#8221;][vc_single_image image=&#8221;462&#8243; img_size=&#8221;full&#8221; alignment=&#8221;center&#8221; css=&#8221;.vc_custom_1526406832178{margin-bottom: 0px !important;border-bottom-width: 0px !important;padding-bottom: 0px !important;}&#8221;][vc_column_text]<\/p>\n<h2 style=\"text-align: center;\">PAV\u00c9S<\/h2>\n<p>&nbsp;<\/p>\n<p style=\"text-align: center;\">Des possibilit\u00e9s infinies gr\u00e2ce \u00e0 notre vaste s\u00e9lection de pav\u00e9s!<\/p>\n<p>[\/vc_column_text][vc_btn title=&#8221;EN SAVOIR PLUS&#8221; style=&#8221;outline&#8221; shape=&#8221;square&#8221; align=&#8221;center&#8221; link=&#8221;url:http%3A%2F%2Fpaveluxe.com%2Ffr%2Flandscaping-products%2Fpaving%2F|||&#8221;][\/vc_column][vc_column width=&#8221;1\/3&#8243; el_class=&#8221;bg-black-over&#8221; css=&#8221;.vc_custom_1526408827701{background-image: url(https:\/\/paveluxe.com\/wp-content\/uploads\/2018\/05\/im_slabs.png?id=469) !important;background-position: center !important;background-repeat: no-repeat !important;background-size: cover !important;}&#8221;][vc_single_image image=&#8221;463&#8243; img_size=&#8221;full&#8221; alignment=&#8221;center&#8221; css=&#8221;.vc_custom_1526406883838{margin-bottom: 0px !important;border-bottom-width: 0px !important;padding-bottom: 0px !important;}&#8221;][vc_column_text]<\/p>\n<h2 style=\"text-align: center;\">DALLES<\/h2>\n<p>&nbsp;<\/p>\n<p style=\"text-align: center;\">Recr\u00e9ez votre espace de vie ext\u00e9rieur!<\/p>\n<p>[\/vc_column_text][vc_btn title=&#8221;EN SAVOIR PLUS&#8221; style=&#8221;outline&#8221; shape=&#8221;square&#8221; align=&#8221;center&#8221; link=&#8221;url:https%3A%2F%2Fpaveluxe.com%2Ffr%2Fproduits-amenagement%2Fdalles%2F|title:Dalles%20de%20patio||&#8221;][\/vc_column][vc_column width=&#8221;1\/3&#8243; el_class=&#8221;bg-black-over&#8221; css=&#8221;.vc_custom_1526408838230{background-image: url(https:\/\/paveluxe.com\/wp-content\/uploads\/2018\/05\/im_walls.png?id=471) !important;background-position: center !important;background-repeat: no-repeat !important;background-size: cover !important;}&#8221;][vc_single_image image=&#8221;465&#8243; img_size=&#8221;full&#8221; alignment=&#8221;center&#8221; css=&#8221;.vc_custom_1526406908144{margin-bottom: 0px !important;border-bottom-width: 0px !important;padding-bottom: 0px !important;}&#8221;][vc_column_text]<\/p>\n<h2 style=\"text-align: center;\">MURETS<\/h2>\n<p>&nbsp;<\/p>\n<p style=\"text-align: center;\">Ajoutez beaut\u00e9 et valeur \u00e0 votre demeure gr\u00e2ce \u00e0 notre magnifique collection de murets!<\/p>\n<p>[\/vc_column_text][vc_btn title=&#8221;EN SAVOIR PLUS&#8221; style=&#8221;outline&#8221; shape=&#8221;square&#8221; align=&#8221;center&#8221; link=&#8221;url:https%3A%2F%2Fpaveluxe.com%2Ffr%2Fproduits-amenagement%2Fmurs%2F|title:Murets||&#8221;][\/vc_column][\/vc_row][vc_row gap=&#8221;25&#8243; equal_height=&#8221;yes&#8221; content_placement=&#8221;middle&#8221; css=&#8221;.vc_custom_1526398351407{padding-top: 0px !important;padding-bottom: 90px !important;}&#8221;][vc_column width=&#8221;1\/3&#8243; css=&#8221;.vc_custom_1526408857486{background-image: url(https:\/\/paveluxe.com\/wp-content\/uploads\/2018\/05\/im_steps.png?id=470) !important;background-position: center !important;background-repeat: no-repeat !important;background-size: cover !important;}&#8221; el_class=&#8221;bg-black-over&#8221;][vc_single_image image=&#8221;464&#8243; img_size=&#8221;full&#8221; alignment=&#8221;center&#8221; css=&#8221;.vc_custom_1526406921744{margin-bottom: 0px !important;border-bottom-width: 0px !important;padding-bottom: 0px !important;}&#8221;][vc_column_text]<\/p>\n<h2 style=\"text-align: center;\">MARCHES ET COURONNEMENTS<\/h2>\n<p>&nbsp;<\/p>\n<p style=\"text-align: center;\">Couronnez votre am\u00e9nagement paysager tout en splendeur!<\/p>\n<p>[\/vc_column_text][vc_btn title=&#8221;EN SAVOIR PLUS&#8221; style=&#8221;outline&#8221; shape=&#8221;square&#8221; align=&#8221;center&#8221; link=&#8221;url:https%3A%2F%2Fpaveluxe.com%2Ffr%2Fproduits-amenagement%2Fmarches-couronnements%2F|title:Marches%20et%20couronnements||&#8221;][\/vc_column][vc_column width=&#8221;1\/3&#8243; el_class=&#8221;bg-black-over&#8221; css=&#8221;.vc_custom_1526408854460{background-image: url(https:\/\/paveluxe.com\/wp-content\/uploads\/2018\/05\/im_edges.png?id=466) !important;background-position: center !important;background-repeat: no-repeat !important;background-size: cover !important;}&#8221;][vc_single_image image=&#8221;460&#8243; img_size=&#8221;full&#8221; alignment=&#8221;center&#8221; css=&#8221;.vc_custom_1526406952418{margin-bottom: 0px !important;border-bottom-width: 0px !important;padding-bottom: 0px !important;}&#8221;][vc_column_text]<\/p>\n<h2 style=\"text-align: center;\">BORDURES<\/h2>\n<p>&nbsp;<\/p>\n<p style=\"text-align: center;\">Pour une finition tout en beaut\u00e9, bien align\u00e9e!<\/p>\n<p>[\/vc_column_text][vc_btn title=&#8221;EN SAVOIR PLUS&#8221; style=&#8221;outline&#8221; shape=&#8221;square&#8221; align=&#8221;center&#8221; link=&#8221;url:https%3A%2F%2Fpaveluxe.com%2Ffr%2Fproduits-amenagement%2Fbordures%2F|title:Bordures||&#8221;][\/vc_column][vc_column width=&#8221;1\/3&#8243; el_class=&#8221;bg-black-over&#8221; css=&#8221;.vc_custom_1526408845141{background-image: url(https:\/\/paveluxe.com\/wp-content\/uploads\/2018\/05\/im_firepits.png?id=467) !important;background-position: center !important;background-repeat: no-repeat !important;background-size: cover !important;}&#8221;][vc_single_image image=&#8221;461&#8243; img_size=&#8221;full&#8221; alignment=&#8221;center&#8221; css=&#8221;.vc_custom_1526406969760{margin-bottom: 0px !important;border-bottom-width: 0px !important;padding-bottom: 0px !important;}&#8221;][vc_column_text]<\/p>\n<h2 style=\"text-align: center;\">AM\u00c9NAGEMENT EXT\u00c9RIEUR<\/h2>\n<p>&nbsp;<\/p>\n<p style=\"text-align: center;\">Allumez l&#8217;\u00e9tincelle qui donnera vie \u00e0 votre patio!<\/p>\n<p>[\/vc_column_text][vc_btn title=&#8221;EN SAVOIR PLUS&#8221; style=&#8221;outline&#8221; shape=&#8221;square&#8221; align=&#8221;center&#8221; link=&#8221;url:https%3A%2F%2Fpaveluxe.com%2Ffr%2Fproduits-amenagement%2Ffoyers%2F|title:Foyers%20et%20cuisines%20ext%C3%A9rieurs||&#8221;][\/vc_column][\/vc_row]<\/p>\n","protected":false},"excerpt":{"rendered":"<p>[vc_row gap=&#8221;25&#8243; equal_height=&#8221;yes&#8221; content_placement=&#8221;middle&#8221; css=&#8221;.vc_custom_1526398343596{padding-top: 90px !important;}&#8221;][vc_column width=&#8221;1\/3&#8243; css=&#8221;.vc_custom_1526408257682{background-image: url(https:\/\/paveluxe.com\/wp-content\/uploads\/2018\/05\/im_paving.png?id=468) !important;background-position: center !important;background-repeat: no-repeat !important;background-size: cover !important;}&#8221; el_class=&#8221;bg-black-over&#8221;][vc_single_image image=&#8221;462&#8243; img_size=&#8221;full&#8221; alignment=&#8221;center&#8221; css=&#8221;.vc_custom_1526406832178{margin-bottom: 0px !important;border-bottom-width: 0px !important;padding-bottom: 0px !important;}&#8221;][vc_column_text] PAV\u00c9S &nbsp; Des possibilit\u00e9s infinies gr\u00e2ce \u00e0 notre vaste s\u00e9lection de pav\u00e9s! [&hellip;]<\/p>\n","protected":false},"author":1,"featured_media":626,"parent":0,"menu_order":0,"comment_status":"closed","ping_status":"closed","template":"","meta":{"footnotes":""},"class_list":["post-624","page","type-page","status-publish","has-post-thumbnail","hentry"],"_links":{"self":[{"href":"https:\/\/paveluxe.com\/fr\/wp-json\/wp\/v2\/pages\/624","targetHints":{"allow":["GET"]}}],"collection":[{"href":"https:\/\/paveluxe.com\/fr\/wp-json\/wp\/v2\/pages"}],"about":[{"href":"https:\/\/paveluxe.com\/fr\/wp-json\/wp\/v2\/types\/page"}],"author":[{"embeddable":true,"href":"https:\/\/paveluxe.com\/fr\/wp-json\/wp\/v2\/users\/1"}],"replies":[{"embeddable":true,"href":"https:\/\/paveluxe.com\/fr\/wp-json\/wp\/v2\/comments?post=624"}],"version-history":[{"count":10,"href":"https:\/\/paveluxe.com\/fr\/wp-json\/wp\/v2\/pages\/624\/revisions"}],"predecessor-version":[{"id":1772,"href":"https:\/\/paveluxe.com\/fr\/wp-json\/wp\/v2\/pages\/624\/revisions\/1772"}],"wp:featuredmedia":[{"embeddable":true,"href":"https:\/\/paveluxe.com\/fr\/wp-json\/wp\/v2\/media\/626"}],"wp:attachment":[{"href":"https:\/\/paveluxe.com\/fr\/wp-json\/wp\/v2\/media?parent=624"}],"curies":[{"name":"wp","href":"https:\/\/api.w.org\/{rel}","templated":true}]}}