{"id":582,"date":"2018-01-08T06:40:23","date_gmt":"2018-01-08T06:40:23","guid":{"rendered":"https:\/\/paveluxe.com\/masonry\/"},"modified":"2023-05-09T11:12:36","modified_gmt":"2023-05-09T15:12:36","slug":"eclairage","status":"publish","type":"page","link":"https:\/\/paveluxe.com\/fr\/eclairage\/","title":{"rendered":"\u00c9clairage Ext\u00e9rieure"},"content":{"rendered":"<p>[vc_row][vc_column][vc_empty_space][\/vc_column][\/vc_row][vc_row][vc_column]<div class=\"section-heading \">\r\n\t\t\t\t\t<h2>\u00c9clairage Ext\u00e9rieure<\/h2>\t<h3><\/h3>\r\n\t\t\t\t<\/div><div class=\"text-content\"><p>Vous cherchez \u00e0 am\u00e9liorer la beaut\u00e9 et la s\u00e9curit\u00e9 de votre espace ext\u00e9rieur la nuit ? Notre section d&#8217;\u00e9clairage paysager offre une grande gamme de produits et solutions qui transformeront votre jardin, votre patio ou votre cour ext\u00e9rieure!<\/p>\n<\/div>[\/vc_column][\/vc_row][vc_row content_placement=&#8221;middle&#8221;][vc_column width=&#8221;1\/2&#8243;][vc_images_carousel images=&#8221;1696,1702,1698,1700&#8243; img_size=&#8221;large&#8221; slides_per_view=&#8221;4&#8243; autoplay=&#8221;yes&#8221; wrap=&#8221;yes&#8221;][\/vc_column][vc_column width=&#8221;1\/2&#8243;][\/vc_column][\/vc_row][vc_row][vc_column][vc_btn title=&#8221;VOIR \u00c9clairage Ext\u00e9rieure &gt;&#8221; style=&#8221;classic&#8221; shape=&#8221;square&#8221; color=&#8221;black&#8221; align=&#8221;left&#8221; link=&#8221;url:https%3A%2F%2Fin-lite.com%2Fen%2Fgarden-lighting||target:%20_blank|&#8221;][\/vc_column][\/vc_row]<\/p>\n","protected":false},"excerpt":{"rendered":"<p>[vc_row][vc_column][vc_empty_space][\/vc_column][\/vc_row][vc_row][vc_column][\/vc_column][\/vc_row][vc_row content_placement=&#8221;middle&#8221;][vc_column width=&#8221;1\/2&#8243;][vc_images_carousel images=&#8221;1696,1702,1698,1700&#8243; img_size=&#8221;large&#8221; slides_per_view=&#8221;4&#8243; autoplay=&#8221;yes&#8221; wrap=&#8221;yes&#8221;][\/vc_column][vc_column width=&#8221;1\/2&#8243;][\/vc_column][\/vc_row][vc_row][vc_column][vc_btn title=&#8221;VOIR \u00c9clairage Ext\u00e9rieure &gt;&#8221; style=&#8221;classic&#8221; shape=&#8221;square&#8221; color=&#8221;black&#8221; align=&#8221;left&#8221; link=&#8221;url:https%3A%2F%2Fin-lite.com%2Fen%2Fgarden-lighting||target:%20_blank|&#8221;][\/vc_column][\/vc_row]<\/p>\n","protected":false},"author":1,"featured_media":1748,"parent":0,"menu_order":0,"comment_status":"closed","ping_status":"closed","template":"","meta":{"footnotes":""},"class_list":["post-582","page","type-page","status-publish","has-post-thumbnail","hentry"],"_links":{"self":[{"href":"https:\/\/paveluxe.com\/fr\/wp-json\/wp\/v2\/pages\/582","targetHints":{"allow":["GET"]}}],"collection":[{"href":"https:\/\/paveluxe.com\/fr\/wp-json\/wp\/v2\/pages"}],"about":[{"href":"https:\/\/paveluxe.com\/fr\/wp-json\/wp\/v2\/types\/page"}],"author":[{"embeddable":true,"href":"https:\/\/paveluxe.com\/fr\/wp-json\/wp\/v2\/users\/1"}],"replies":[{"embeddable":true,"href":"https:\/\/paveluxe.com\/fr\/wp-json\/wp\/v2\/comments?post=582"}],"version-history":[{"count":12,"href":"https:\/\/paveluxe.com\/fr\/wp-json\/wp\/v2\/pages\/582\/revisions"}],"predecessor-version":[{"id":1758,"href":"https:\/\/paveluxe.com\/fr\/wp-json\/wp\/v2\/pages\/582\/revisions\/1758"}],"wp:featuredmedia":[{"embeddable":true,"href":"https:\/\/paveluxe.com\/fr\/wp-json\/wp\/v2\/media\/1748"}],"wp:attachment":[{"href":"https:\/\/paveluxe.com\/fr\/wp-json\/wp\/v2\/media?parent=582"}],"curies":[{"name":"wp","href":"https:\/\/api.w.org\/{rel}","templated":true}]}}