{"id":1047,"date":"2020-05-14T19:36:02","date_gmt":"2020-05-14T17:36:02","guid":{"rendered":"https:\/\/paveluxe.com\/?page_id=1047"},"modified":"2023-05-11T16:04:03","modified_gmt":"2023-05-11T20:04:03","slug":"outils","status":"publish","type":"page","link":"https:\/\/paveluxe.com\/fr\/accessories\/outils\/","title":{"rendered":"Outils vari\u00e9s"},"content":{"rendered":"<p>[vc_row][vc_column][vc_empty_space][vc_empty_space][\/vc_column][\/vc_row][vc_row][vc_column][vc_column_text]Trouvez tous les accessoires de paysagement dont vous aurez besoin pour r\u00e9aliser votre projet. Nous facilitons la r\u00e9novation et l\u2019entretien de votre am\u00e9nagement paysager en vous proposant une vaste gamme d\u2019accessoires des meilleurs fournisseurs de l\u2019industrie.[\/vc_column_text][\/vc_column][\/vc_row][vc_row][vc_column][vc_empty_space][\/vc_column][\/vc_row][vc_row][vc_column width=&#8221;1\/2&#8243;][vc_column_text]<\/p>\n<ul>\n<li><strong>Sable Polym\u00e9rique \u00a0 \u00a0 \u00a0 \u00a0 \u00a0 \u00a0 \u00a0 \u00a0 \u00a0 \u00a0 <\/strong><\/li>\n<li><strong>Membrane G\u00e9otextile<\/strong><\/li>\n<li><strong>G\u00e9ogrille<\/strong><\/li>\n<li><strong>Colle de construction<\/strong><\/li>\n<li><strong>Bo\u00eetes de drainage<\/strong><\/li>\n<li><strong>Gator base<\/strong><\/li>\n<\/ul>\n<p>[\/vc_column_text][\/vc_column][vc_column width=&#8221;1\/2&#8243;][vc_column_text]<\/p>\n<ul>\n<li><strong>Bordures en Plastique<\/strong><\/li>\n<li><strong>Clous 10&#8242;<\/strong><\/li>\n<li><strong>Ciment pr\u00e9-m\u00e9lang\u00e9<\/strong><\/li>\n<li><strong>Agr\u00e9gats (en vrac\/en sac)<\/strong><\/li>\n<li><strong>Pierres d\u00e9corative<\/strong><\/li>\n<li><b>Nettoyeurs de pav\u00e9 (huile, rouille, peinture, efflorescence et plus)<\/b><\/li>\n<\/ul>\n<p>[\/vc_column_text][\/vc_column][\/vc_row]<\/p>\n","protected":false},"excerpt":{"rendered":"<p>[vc_row][vc_column][vc_empty_space][vc_empty_space][\/vc_column][\/vc_row][vc_row][vc_column][vc_column_text]Trouvez tous les accessoires de paysagement dont vous aurez besoin pour r\u00e9aliser votre projet. Nous facilitons la r\u00e9novation et l\u2019entretien de votre am\u00e9nagement paysager en vous proposant une vaste gamme d\u2019accessoires des meilleurs fournisseurs de l\u2019industrie.[\/vc_column_text][\/vc_column][\/vc_row][vc_row][vc_column][vc_empty_space][\/vc_column][\/vc_row][vc_row][vc_column width=&#8221;1\/2&#8243;][vc_column_text] Sable Polym\u00e9rique \u00a0 [&hellip;]<\/p>\n","protected":false},"author":3,"featured_media":1180,"parent":578,"menu_order":0,"comment_status":"closed","ping_status":"closed","template":"","meta":{"footnotes":""},"class_list":["post-1047","page","type-page","status-publish","has-post-thumbnail","hentry"],"_links":{"self":[{"href":"https:\/\/paveluxe.com\/fr\/wp-json\/wp\/v2\/pages\/1047","targetHints":{"allow":["GET"]}}],"collection":[{"href":"https:\/\/paveluxe.com\/fr\/wp-json\/wp\/v2\/pages"}],"about":[{"href":"https:\/\/paveluxe.com\/fr\/wp-json\/wp\/v2\/types\/page"}],"author":[{"embeddable":true,"href":"https:\/\/paveluxe.com\/fr\/wp-json\/wp\/v2\/users\/3"}],"replies":[{"embeddable":true,"href":"https:\/\/paveluxe.com\/fr\/wp-json\/wp\/v2\/comments?post=1047"}],"version-history":[{"count":12,"href":"https:\/\/paveluxe.com\/fr\/wp-json\/wp\/v2\/pages\/1047\/revisions"}],"predecessor-version":[{"id":1051,"href":"https:\/\/paveluxe.com\/fr\/wp-json\/wp\/v2\/pages\/1047\/revisions\/1051"}],"up":[{"embeddable":true,"href":"https:\/\/paveluxe.com\/fr\/wp-json\/wp\/v2\/pages\/578"}],"wp:featuredmedia":[{"embeddable":true,"href":"https:\/\/paveluxe.com\/fr\/wp-json\/wp\/v2\/media\/1180"}],"wp:attachment":[{"href":"https:\/\/paveluxe.com\/fr\/wp-json\/wp\/v2\/media?parent=1047"}],"curies":[{"name":"wp","href":"https:\/\/api.w.org\/{rel}","templated":true}]}}